{"id":8,"date":"2024-02-11T18:10:02","date_gmt":"2024-02-11T17:10:02","guid":{"rendered":"https:\/\/wolga-kosaken.de\/wp2\/?page_id=8"},"modified":"2024-02-13T12:40:15","modified_gmt":"2024-02-13T11:40:15","slug":"wolga-kosaken","status":"publish","type":"page","link":"https:\/\/wolga-kosaken.de\/wp2\/","title":{"rendered":"Start"},"content":{"rendered":"\t\t<div data-elementor-type=\"wp-page\" data-elementor-id=\"8\" class=\"elementor elementor-8\">\n\t\t\t\t<div class=\"elementor-element elementor-element-97ee38c e-flex e-con-boxed e-con e-parent\" data-id=\"97ee38c\" data-element_type=\"container\" data-e-type=\"container\">\n\t\t\t\t\t<div class=\"e-con-inner\">\n\t\t\t\t<div class=\"elementor-element elementor-element-936e5ad elementor-widget elementor-widget-spacer\" data-id=\"936e5ad\" data-element_type=\"widget\" data-e-type=\"widget\" data-widget_type=\"spacer.default\">\n\t\t\t\t<div class=\"elementor-widget-container\">\n\t\t\t\t\t\t\t<div class=\"elementor-spacer\">\n\t\t\t<div class=\"elementor-spacer-inner\"><\/div>\n\t\t<\/div>\n\t\t\t\t\t\t<\/div>\n\t\t\t\t<\/div>\n\t\t\t\t<div class=\"elementor-element elementor-element-e7d9424 elementor-widget elementor-widget-image\" data-id=\"e7d9424\" data-element_type=\"widget\" data-e-type=\"widget\" data-widget_type=\"image.default\">\n\t\t\t\t<div class=\"elementor-widget-container\">\n\t\t\t\t\t\t\t\t\t\t\t\t\t\t\t<img fetchpriority=\"high\" decoding=\"async\" width=\"640\" height=\"372\" src=\"https:\/\/wolga-kosaken.de\/wp2\/wp-content\/uploads\/2024\/02\/titel2-1024x594-1-768x446.jpg\" class=\"attachment-medium_large size-medium_large wp-image-263\" alt=\"\" srcset=\"https:\/\/wolga-kosaken.de\/wp2\/wp-content\/uploads\/2024\/02\/titel2-1024x594-1-768x446.jpg 768w, https:\/\/wolga-kosaken.de\/wp2\/wp-content\/uploads\/2024\/02\/titel2-1024x594-1-300x174.jpg 300w, https:\/\/wolga-kosaken.de\/wp2\/wp-content\/uploads\/2024\/02\/titel2-1024x594-1.jpg 1024w\" sizes=\"(max-width: 640px) 100vw, 640px\" \/>\t\t\t\t\t\t\t\t\t\t\t\t\t\t\t<\/div>\n\t\t\t\t<\/div>\n\t\t\t\t\t<\/div>\n\t\t\t\t<\/div>\n\t\t<div class=\"elementor-element elementor-element-3e98ccd e-flex e-con-boxed e-con e-parent\" data-id=\"3e98ccd\" data-element_type=\"container\" data-e-type=\"container\">\n\t\t\t\t\t<div class=\"e-con-inner\">\n\t\t\t\t<div class=\"elementor-element elementor-element-4ecf277 elementor-widget__width-initial elementor-widget elementor-widget-text-editor\" data-id=\"4ecf277\" data-element_type=\"widget\" data-e-type=\"widget\" data-widget_type=\"text-editor.default\">\n\t\t\t\t<div class=\"elementor-widget-container\">\n\t\t\t\t\t\t\t\t\t<p><strong>Sehr geehrte Besucher der Wolga Kosaken,<\/strong><\/p><p><strong>Wir m\u00f6chten Ihnen mitteilen, dass aufgrund der aktuellen\u00a0 Lage derzeit keine Vorf\u00fchrungen stattfinden k\u00f6nnen. Wir bedauern zutiefst die Unannehmlichkeiten, die dadurch entstehen, und bitten um Ihr Verst\u00e4ndnis f\u00fcr diese Entscheidung.<\/strong><\/p><p><strong>Wir sind stets bestrebt, Ihnen ein erstklassiges Erlebnis zu bieten, und arbeiten daran, bald wieder Vorf\u00fchrungen f\u00fcr Sie anzubieten. Bitte behalten Sie unsere Website und soziale Medien im Auge, um \u00fcber zuk\u00fcnftige Auff\u00fchrungen informiert zu werden.<\/strong><\/p><p><strong>Vielen Dank f\u00fcr Ihr Verst\u00e4ndnis und Ihre Unterst\u00fctzung.<\/strong><\/p><p><strong>Mit freundlichen Gr\u00fc\u00dfen, <\/strong><br \/><strong>W. Romanov\/Organisation der Wolga Kosaken<\/strong><\/p>\t\t\t\t\t\t\t\t<\/div>\n\t\t\t\t<\/div>\n\t\t\t\t\t<\/div>\n\t\t\t\t<\/div>\n\t\t<div class=\"elementor-element elementor-element-842d8cc e-flex e-con-boxed e-con e-parent\" data-id=\"842d8cc\" data-element_type=\"container\" data-e-type=\"container\">\n\t\t\t\t\t<div class=\"e-con-inner\">\n\t\t\t\t<div class=\"elementor-element elementor-element-8b4290a elementor-widget elementor-widget-spacer\" data-id=\"8b4290a\" data-element_type=\"widget\" data-e-type=\"widget\" data-widget_type=\"spacer.default\">\n\t\t\t\t<div class=\"elementor-widget-container\">\n\t\t\t\t\t\t\t<div class=\"elementor-spacer\">\n\t\t\t<div class=\"elementor-spacer-inner\"><\/div>\n\t\t<\/div>\n\t\t\t\t\t\t<\/div>\n\t\t\t\t<\/div>\n\t\t\t\t\t<\/div>\n\t\t\t\t<\/div>\n\t\t<div class=\"elementor-element elementor-element-5001578 e-flex e-con-boxed e-con e-parent\" data-id=\"5001578\" data-element_type=\"container\" data-e-type=\"container\">\n\t\t\t\t\t<div class=\"e-con-inner\">\n\t\t\t\t<div class=\"elementor-element elementor-element-572077b elementor-widget elementor-widget-html\" data-id=\"572077b\" data-element_type=\"widget\" data-e-type=\"widget\" data-widget_type=\"html.default\">\n\t\t\t\t<div class=\"elementor-widget-container\">\n\t\t\t\t\t<script src=\"https:\/\/www.yogizaehler.de\/Besucherzaehler\/pz_018.php?id=0975737223&design=66700000\"><\/script>\t\t\t\t<\/div>\n\t\t\t\t<\/div>\n\t\t\t\t\t<\/div>\n\t\t\t\t<\/div>\n\t\t\t\t<\/div>\n\t\t","protected":false},"excerpt":{"rendered":"<p>Sehr geehrte Besucher der Wolga Kosaken, Wir m\u00f6chten Ihnen mitteilen, dass aufgrund der aktuellen\u00a0 Lage derzeit keine Vorf\u00fchrungen stattfinden k\u00f6nnen. Wir bedauern zutiefst die Unannehmlichkeiten, die dadurch entstehen, und bitten um Ihr Verst\u00e4ndnis f\u00fcr diese Entscheidung. Wir sind stets bestrebt, Ihnen ein erstklassiges Erlebnis zu bieten, und arbeiten daran, bald wieder Vorf\u00fchrungen f\u00fcr Sie anzubieten. [&hellip;]<\/p>\n","protected":false},"author":1,"featured_media":0,"parent":0,"menu_order":0,"comment_status":"closed","ping_status":"closed","template":"","meta":{"footnotes":""},"class_list":["post-8","page","type-page","status-publish","hentry"],"_links":{"self":[{"href":"https:\/\/wolga-kosaken.de\/wp2\/wp-json\/wp\/v2\/pages\/8","targetHints":{"allow":["GET"]}}],"collection":[{"href":"https:\/\/wolga-kosaken.de\/wp2\/wp-json\/wp\/v2\/pages"}],"about":[{"href":"https:\/\/wolga-kosaken.de\/wp2\/wp-json\/wp\/v2\/types\/page"}],"author":[{"embeddable":true,"href":"https:\/\/wolga-kosaken.de\/wp2\/wp-json\/wp\/v2\/users\/1"}],"replies":[{"embeddable":true,"href":"https:\/\/wolga-kosaken.de\/wp2\/wp-json\/wp\/v2\/comments?post=8"}],"version-history":[{"count":10,"href":"https:\/\/wolga-kosaken.de\/wp2\/wp-json\/wp\/v2\/pages\/8\/revisions"}],"predecessor-version":[{"id":405,"href":"https:\/\/wolga-kosaken.de\/wp2\/wp-json\/wp\/v2\/pages\/8\/revisions\/405"}],"wp:attachment":[{"href":"https:\/\/wolga-kosaken.de\/wp2\/wp-json\/wp\/v2\/media?parent=8"}],"curies":[{"name":"wp","href":"https:\/\/api.w.org\/{rel}","templated":true}]}}